{"id":122,"date":"2015-04-08T18:52:45","date_gmt":"2015-04-08T16:52:45","guid":{"rendered":"http:\/\/www.tracknet-group.ch\/site\/?page_id=122"},"modified":"2015-04-08T23:10:06","modified_gmt":"2015-04-08T21:10:06","slug":"weichen","status":"publish","type":"page","link":"https:\/\/www.tracknet-group.ch\/site\/de\/produkte\/weichen\/","title":{"rendered":"Weichen"},"content":{"rendered":"<p>Die Sicherheit und Qualit\u00e4t, welche Sie Ihren Kunden bieten wollen, sind auch f\u00fcr uns als Lieferant ein Anliegen, und das seit Jahrzehnten.<\/p>\n<p>Die Weichen und Anschl\u00fcsse sind mit unterschiedlichen Gleis-Typen gebaut, welche den technischen Spezifikationen und dem Pflichtenheft des Kunden folgen.<\/p>\n<p>Unser Fabrikationsprogramm besteht aus:<\/p>\n<ul>\n<li>Halbe Zungenvorrichtung<\/li>\n<li>Standardweichen<\/li>\n<li>Doppel- und Kreuzungsweichen<\/li>\n<li>Zweispurweichen<\/li>\n<li>Schwellen<\/li>\n<li>Ersatzteile<\/li>\n<li>Zahnstangenweichen.<\/li>\n<\/ul>\n<figure id=\"attachment_87\" aria-describedby=\"caption-attachment-87\" style=\"width: 200px\" class=\"wp-caption alignnone\"><img loading=\"lazy\" decoding=\"async\" class=\"wp-image-87 size-full\" src=\"http:\/\/www.tracknet-group.ch\/site\/wp-content\/uploads\/2015\/02\/double_ecart.jpg\" alt=\"Double \u00e9cartement\" width=\"200\" height=\"150\" \/><figcaption id=\"caption-attachment-87\" class=\"wp-caption-text\">Doppelspur<\/figcaption><\/figure>\n<figure id=\"attachment_88\" aria-describedby=\"caption-attachment-88\" style=\"width: 200px\" class=\"wp-caption alignnone\"><img loading=\"lazy\" decoding=\"async\" class=\"wp-image-88 size-full\" src=\"http:\/\/www.tracknet-group.ch\/site\/wp-content\/uploads\/2015\/02\/scambio.jpg\" alt=\"\" width=\"200\" height=\"150\" \/><figcaption id=\"caption-attachment-88\" class=\"wp-caption-text\">Weichenmontage<\/figcaption><\/figure>\n<figure id=\"attachment_86\" aria-describedby=\"caption-attachment-86\" style=\"width: 200px\" class=\"wp-caption alignnone\"><img loading=\"lazy\" decoding=\"async\" class=\"wp-image-86 size-full\" src=\"http:\/\/www.tracknet-group.ch\/site\/wp-content\/uploads\/2015\/02\/cuore.jpg\" alt=\"\" width=\"200\" height=\"150\" \/><figcaption id=\"caption-attachment-86\" class=\"wp-caption-text\">Herzst\u00fcck mit Radlenker<\/figcaption><\/figure>\n","protected":false},"excerpt":{"rendered":"<p>Die Sicherheit und Qualit\u00e4t, welche Sie Ihren Kunden bieten wollen, sind auch f\u00fcr uns als Lieferant ein Anliegen, und das seit Jahrzehnten. Die Weichen und Anschl\u00fcsse sind mit unterschiedlichen Gleis-Typen gebaut, welche den technischen Spezifikationen und dem Pflichtenheft des Kunden<\/p>\n","protected":false},"author":1,"featured_media":0,"parent":62,"menu_order":14,"comment_status":"closed","ping_status":"closed","template":"","meta":{"footnotes":""},"class_list":["post-122","page","type-page","status-publish","hentry"],"_links":{"self":[{"href":"https:\/\/www.tracknet-group.ch\/site\/de\/wp-json\/wp\/v2\/pages\/122","targetHints":{"allow":["GET"]}}],"collection":[{"href":"https:\/\/www.tracknet-group.ch\/site\/de\/wp-json\/wp\/v2\/pages"}],"about":[{"href":"https:\/\/www.tracknet-group.ch\/site\/de\/wp-json\/wp\/v2\/types\/page"}],"author":[{"embeddable":true,"href":"https:\/\/www.tracknet-group.ch\/site\/de\/wp-json\/wp\/v2\/users\/1"}],"replies":[{"embeddable":true,"href":"https:\/\/www.tracknet-group.ch\/site\/de\/wp-json\/wp\/v2\/comments?post=122"}],"version-history":[{"count":7,"href":"https:\/\/www.tracknet-group.ch\/site\/de\/wp-json\/wp\/v2\/pages\/122\/revisions"}],"predecessor-version":[{"id":177,"href":"https:\/\/www.tracknet-group.ch\/site\/de\/wp-json\/wp\/v2\/pages\/122\/revisions\/177"}],"up":[{"embeddable":true,"href":"https:\/\/www.tracknet-group.ch\/site\/de\/wp-json\/wp\/v2\/pages\/62"}],"wp:attachment":[{"href":"https:\/\/www.tracknet-group.ch\/site\/de\/wp-json\/wp\/v2\/media?parent=122"}],"curies":[{"name":"wp","href":"https:\/\/api.w.org\/{rel}","templated":true}]}}