{"id":43,"date":"2015-02-12T21:24:26","date_gmt":"2015-02-12T20:24:26","guid":{"rendered":"http:\/\/www.tracknet-group.ch\/site\/?page_id=43"},"modified":"2015-04-08T23:01:35","modified_gmt":"2015-04-08T21:01:35","slug":"meulage-de-rails","status":"publish","type":"page","link":"https:\/\/www.tracknet-group.ch\/site\/services\/meulage-de-rails\/","title":{"rendered":"Meulage de rails"},"content":{"rendered":"<p>Nos \u00e9quipes sont \u00e9quip\u00e9es pour effectuer le rechargement et meulage de rails verticaux et horizontaux dans les installations de stockage \u00e0 palettes<\/p>\n<p>Rails au sol<\/p>\n<p>Meulage manuel et m\u00e9canique des usures irr\u00e9guli\u00e8res et de l\u2019usure ondulatoire<\/p>\n<p>Rails verticaux<\/p>\n<p>Meulage m\u00e9canique et manuel de<\/p>\n<ul>\n<li>l\u2019usure ondulatoire<\/li>\n<li>surusure dans les zones de transbordement<\/li>\n<li>marquage du rail suite aux freinages d\u2019urgence.<\/li>\n<\/ul>\n<figure id=\"attachment_254\" aria-describedby=\"caption-attachment-254\" style=\"width: 200px\" class=\"wp-caption alignnone\"><img loading=\"lazy\" decoding=\"async\" class=\"wp-image-254 size-full\" src=\"https:\/\/www.tracknet-group.ch\/site\/wp-content\/uploads\/2015\/02\/011.jpg\" alt=\"011\" width=\"200\" height=\"150\" \/><figcaption id=\"caption-attachment-254\" class=\"wp-caption-text\">Meulage de rail au sol<\/figcaption><\/figure>\n<figure id=\"attachment_255\" aria-describedby=\"caption-attachment-255\" style=\"width: 200px\" class=\"wp-caption alignnone\"><img loading=\"lazy\" decoding=\"async\" class=\"wp-image-255 size-full\" src=\"https:\/\/www.tracknet-group.ch\/site\/wp-content\/uploads\/2015\/02\/02.jpg\" alt=\"02\" width=\"200\" height=\"150\" \/><figcaption id=\"caption-attachment-255\" class=\"wp-caption-text\">R\u00e9sultat apr\u00e8s meulage<\/figcaption><\/figure>\n<figure id=\"attachment_256\" aria-describedby=\"caption-attachment-256\" style=\"width: 200px\" class=\"wp-caption alignnone\"><img loading=\"lazy\" decoding=\"async\" class=\"wp-image-256 size-full\" src=\"https:\/\/www.tracknet-group.ch\/site\/wp-content\/uploads\/2015\/02\/03-petit.jpg\" alt=\"03-petit\" width=\"200\" height=\"150\" \/><figcaption id=\"caption-attachment-256\" class=\"wp-caption-text\">Meulage de rails verticaux<\/figcaption><\/figure>\n<p>&nbsp;<\/p>\n","protected":false},"excerpt":{"rendered":"<p>Nos \u00e9quipes sont \u00e9quip\u00e9es pour effectuer le rechargement et meulage de rails verticaux et horizontaux dans les installations de stockage \u00e0 palettes Rails au sol Meulage manuel et m\u00e9canique des usures irr\u00e9guli\u00e8res et de l\u2019usure ondulatoire Rails verticaux Meulage m\u00e9canique<\/p>\n","protected":false},"author":1,"featured_media":0,"parent":12,"menu_order":11,"comment_status":"closed","ping_status":"closed","template":"","meta":{"footnotes":""},"class_list":["post-43","page","type-page","status-publish","hentry"],"_links":{"self":[{"href":"https:\/\/www.tracknet-group.ch\/site\/wp-json\/wp\/v2\/pages\/43","targetHints":{"allow":["GET"]}}],"collection":[{"href":"https:\/\/www.tracknet-group.ch\/site\/wp-json\/wp\/v2\/pages"}],"about":[{"href":"https:\/\/www.tracknet-group.ch\/site\/wp-json\/wp\/v2\/types\/page"}],"author":[{"embeddable":true,"href":"https:\/\/www.tracknet-group.ch\/site\/wp-json\/wp\/v2\/users\/1"}],"replies":[{"embeddable":true,"href":"https:\/\/www.tracknet-group.ch\/site\/wp-json\/wp\/v2\/comments?post=43"}],"version-history":[{"count":5,"href":"https:\/\/www.tracknet-group.ch\/site\/wp-json\/wp\/v2\/pages\/43\/revisions"}],"predecessor-version":[{"id":260,"href":"https:\/\/www.tracknet-group.ch\/site\/wp-json\/wp\/v2\/pages\/43\/revisions\/260"}],"up":[{"embeddable":true,"href":"https:\/\/www.tracknet-group.ch\/site\/wp-json\/wp\/v2\/pages\/12"}],"wp:attachment":[{"href":"https:\/\/www.tracknet-group.ch\/site\/wp-json\/wp\/v2\/media?parent=43"}],"curies":[{"name":"wp","href":"https:\/\/api.w.org\/{rel}","templated":true}]}}